{"id":7,"date":"2024-11-17T13:14:02","date_gmt":"2024-11-17T13:14:02","guid":{"rendered":"http:\/\/proat.ro\/wp\/?page_id=7"},"modified":"2026-03-15T19:06:57","modified_gmt":"2026-03-15T19:06:57","slug":"home","status":"publish","type":"page","link":"https:\/\/proat.ro\/wp\/","title":{"rendered":"Home"},"content":{"rendered":"\n<div class=\"wp-block-cover alignfull\" style=\"min-height:720px;aspect-ratio:unset;\"><span aria-hidden=\"true\" class=\"wp-block-cover__background has-background-dim-100 has-background-dim has-background-gradient\" style=\"background:linear-gradient(135deg,rgb(238,238,238) 0%,rgb(182,183,135) 100%)\"><\/span><div class=\"wp-block-cover__inner-container is-layout-flow wp-block-cover-is-layout-flow\">\n<div class=\"inherit-container-width wp-block-group alignwide is-layout-constrained wp-block-group-is-layout-constrained\">\n<div class=\"wp-block-media-text alignwide has-media-on-the-right is-stacked-on-mobile is-vertically-aligned-center\" style=\"grid-template-columns:auto 51%\"><div class=\"wp-block-media-text__content\">\n<h1 class=\"wp-block-heading has-text-align-left has-white-color has-text-color\">ProAT Timi\u0219oara<\/h1>\n\n\n\n<p>Asocia\u021bie profesional\u0103 de Analiz\u0103 Tranzac\u021bional\u0103<\/p>\n\n\n\n<div class=\"wp-block-buttons is-layout-flex wp-block-buttons-is-layout-flex\">\n<div class=\"wp-block-button\"><a class=\"wp-block-button__link wp-element-button\" href=\"https:\/\/forms.gle\/SQyrcLcbvGTcwJJC9\" target=\"_blank\" rel=\"noreferrer noopener\">\u00censcriere \u00een programul de formare (septembrie 2026)<\/a><\/div>\n<\/div>\n<\/div><figure class=\"wp-block-media-text__media\"><img loading=\"lazy\" decoding=\"async\" width=\"1024\" height=\"768\" src=\"https:\/\/proat.ro\/wp\/wp-content\/uploads\/2026\/03\/Formare-ProAT-2026-1024x768.jpg\" alt=\"\" class=\"wp-image-90 size-full\" srcset=\"https:\/\/proat.ro\/wp\/wp-content\/uploads\/2026\/03\/Formare-ProAT-2026-1024x768.jpg 1024w, https:\/\/proat.ro\/wp\/wp-content\/uploads\/2026\/03\/Formare-ProAT-2026-300x225.jpg 300w, https:\/\/proat.ro\/wp\/wp-content\/uploads\/2026\/03\/Formare-ProAT-2026-768x576.jpg 768w, https:\/\/proat.ro\/wp\/wp-content\/uploads\/2026\/03\/Formare-ProAT-2026-1536x1152.jpg 1536w, https:\/\/proat.ro\/wp\/wp-content\/uploads\/2026\/03\/Formare-ProAT-2026-2048x1536.jpg 2048w\" sizes=\"auto, (max-width: 1024px) 100vw, 1024px\" \/><\/figure><\/div>\n<\/div>\n\n\n\n<div class=\"wp-block-buttons is-layout-flex wp-block-buttons-is-layout-flex\">\n<div class=\"wp-block-button\"><a class=\"wp-block-button__link has-text-align-center wp-element-button\" href=\"https:\/\/forms.gle\/5a5nf4Yox8iwQExn8\">Curs introductiv AT 101: 9-10 mai 2026<\/a><\/div>\n<\/div>\n<\/div><\/div>\n\n\n\n<div class=\"wp-block-group alignfull has-ast-global-color-5-background-color has-background is-layout-constrained wp-container-core-group-is-layout-9cedb757 wp-block-group-is-layout-constrained\" style=\"padding-bottom:0px\">\n<div class=\"wp-block-columns are-vertically-aligned-top is-layout-flex wp-container-core-columns-is-layout-00723822 wp-block-columns-is-layout-flex\">\n<div class=\"wp-block-column is-vertically-aligned-top is-layout-flow wp-container-core-column-is-layout-6b73ce23 wp-block-column-is-layout-flow\">\n<figure class=\"wp-block-image size-large\"><img decoding=\"async\" src=\"https:\/\/proat.ro\/wp\/wp-content\/themes\/astra\/inc\/assets\/images\/starter-content\/building.svg\" alt=\"\" class=\"wp-image-134\"\/><\/figure>\n\n\n\n<h3 class=\"wp-block-heading has-text-align-left\" style=\"margin-top:16px\">Localizare<\/h3>\n\n\n\n<p class=\"has-text-align-left\">Asocia\u021bia ProAT realizeaz\u0103 majoritatea activit\u0103\u021bilor \u00een Timi\u0219oara<\/p>\n<\/div>\n\n\n\n<div class=\"wp-block-column is-vertically-aligned-top is-layout-flow wp-container-core-column-is-layout-6b73ce23 wp-block-column-is-layout-flow\">\n<figure class=\"wp-block-image size-large\"><img decoding=\"async\" src=\"https:\/\/proat.ro\/wp\/wp-content\/themes\/astra\/inc\/assets\/images\/starter-content\/shopping-bag.svg\" alt=\"\" class=\"wp-image-135\"\/><\/figure>\n\n\n\n<h3 class=\"wp-block-heading has-text-align-left\" style=\"margin-top:16px\">Cursuri <\/h3>\n\n\n\n<p class=\"has-text-align-left\">Formare acreditat\u0103 \u00een Analiz\u0103 Tranzac\u021bional\u0103 Recunoa\u0219tere interna\u021bional\u0103<\/p>\n<\/div>\n\n\n\n<div class=\"wp-block-column is-vertically-aligned-top is-layout-flow wp-container-core-column-is-layout-6b73ce23 wp-block-column-is-layout-flow\">\n<figure class=\"wp-block-image size-large\"><img decoding=\"async\" src=\"https:\/\/proat.ro\/wp\/wp-content\/themes\/astra\/inc\/assets\/images\/starter-content\/blog.svg\" alt=\"\" class=\"wp-image-136\"\/><\/figure>\n\n\n\n<h3 class=\"wp-block-heading has-text-align-left\" style=\"margin-top:16px\">Activit\u0103\u021bi<\/h3>\n\n\n\n<p class=\"has-text-align-left\">Promovarea Analizei Tranzac\u021bionale \u00een psihoterapie, educa\u021bie \u0219i dezvoltare organiza\u021bional\u0103.<\/p>\n<\/div>\n\n\n\n<div class=\"wp-block-column is-vertically-aligned-top is-layout-flow wp-container-core-column-is-layout-6b73ce23 wp-block-column-is-layout-flow\">\n<figure class=\"wp-block-image size-large\"><img decoding=\"async\" src=\"https:\/\/proat.ro\/wp\/wp-content\/themes\/astra\/inc\/assets\/images\/starter-content\/portfolio.svg\" alt=\"\" class=\"wp-image-137\"\/><\/figure>\n\n\n\n<h3 class=\"wp-block-heading has-text-align-left\" style=\"margin-top:16px\">Certificare<\/h3>\n\n\n\n<p class=\"has-text-align-left\">Sprijinim certificarea na\u021bional\u0103 \u0219i interna\u021bional\u0103 \u00een Analiz\u0103 Tranzac\u021bional\u0103<\/p>\n<\/div>\n<\/div>\n<\/div>\n\n\n\n<div class=\"wp-block-group alignfull is-layout-constrained wp-container-core-group-is-layout-45b0ac4f wp-block-group-is-layout-constrained\" id=\"services\" style=\"padding-top:144px;padding-bottom:0px\">\n<h2 class=\"wp-block-heading\">Programul de formare<\/h2>\n\n\n\n<div class=\"wp-block-columns is-layout-flex wp-container-core-columns-is-layout-60cbf9bb wp-block-columns-is-layout-flex\" style=\"margin-top:50px\">\n<div class=\"wp-block-column is-layout-flow wp-container-core-column-is-layout-6b73ce23 wp-block-column-is-layout-flow\">\n<h3 class=\"wp-block-heading\" style=\"margin-top:16px\">Formare de baz\u0103<\/h3>\n\n\n\n<p>Zece module anual de c\u00e2te dou\u0103 zile (\u00een weekend), timp de trei ani, conform cerin\u021belor Colegiului Psihologilor din Rom\u00e2nia \u0219i ale asocia\u021biilor european\u0103 \u0219i interna\u021bional\u0103 de AT.<\/p>\n\n\n\n<p>Scop: dob\u00e2ndirea de cuno\u0219tin\u021be teoretice \u0219i abilit\u0103\u021bi practice cu privire la conceptele de baz\u0103 ale AT, aplicarea unui sistem de evaluare \u0219i diagnostic AT, modele de tratament AT \u0219i interven\u021bii, diferitele abord\u0103ri ale \u0219colilor de AT; construirea unui sistem de valori \u0219i principii AT cu aplica\u021bii \u00een practica profesional\u0103; dob\u00e2ndirea competen\u021belor necesare pentru \u00eenceperea practicii de psihoterapeut sub supervizare \u00een Analiza Tranzac\u021bional\u0103. Dup\u0103 absolvirea form\u0103rii de baz\u0103, cursantul poate ob\u021bine de la Colegiul Psihologilor din Rom\u00e2nia specializarea in Psihoterapie &#8211; Nivelul I \u2013 psiholog practicant sub supervizare.<\/p>\n<\/div>\n\n\n\n<div class=\"wp-block-column is-layout-flow wp-container-core-column-is-layout-6b73ce23 wp-block-column-is-layout-flow\">\n<h3 class=\"wp-block-heading\" style=\"margin-top:16px\">Formatori certifica\u021bi<\/h3>\n\n\n\n<p>Programul este coordonat de Alina Rus, formatoare \u0219i supervizoare certificat\u0103 de Asocia\u021bia European\u0103 de AT \u0219i de Asocia\u021bia Interna\u021bional\u0103 de AT.<\/p>\n\n\n\n<p>To\u021bi formatorii implica\u021bi sunt certifica\u021bi la nivel na\u021bional \u0219i interna\u021bional.<\/p>\n<\/div>\n\n\n\n<div class=\"wp-block-column is-layout-flow wp-container-core-column-is-layout-6b73ce23 wp-block-column-is-layout-flow\">\n<h3 class=\"wp-block-heading\" style=\"margin-top:16px\">Formare avansat\u0103<\/h3>\n\n\n\n<p>Sprijin complet pentru ob\u021binerea certific\u0103rilor de psiholog autonom la Colegiul Psihologilor \u0219i de Analist Tranzac\u021bional Certificat, specializarea Psihoterapie<\/p>\n\n\n\n<p>Scop: dezvoltarea competentelor necesare practicii \u00een domeniul psihoterapiei, specializare AT; dezvoltarea cunostintelor teoretice \u0219i abilit\u0103\u021bilor practice pe tematici specifice (lucrul cu grupurile, terapia de cuplu, tulbur\u0103rile sinelui, adic\u021biile etc). Dup\u0103 parcurgerea acestei etape, cursantul poate ob\u021bine de la Colegiul Psihologilor din Romania specializarea in Psihoterapie &#8211; Nivelul II \u2013 psiholog practicant autonom. Se asigur\u0103 sus\u021binere pentru certificarea prin examen interna\u021bional CTA (analist tranzac\u021bional certificat). Formarea avansat\u0103 dureaz\u0103 2-3 ani \u0219i cuprinde: formare teoretic\u0103 \u0219i aplica\u021bii practice \u2013 160 ore; preg\u0103tire pentru certificare \u2013 minim 60 de ore; supervizare \u2013 minim 150 ore; autocunoa\u0219tere \u0219i dezvoltare personal\u0103 \u2013 minim 100 ore.<\/p>\n<\/div>\n<\/div>\n<\/div>\n\n\n\n<div class=\"wp-block-group alignfull has-ast-global-color-5-background-color has-background is-layout-constrained wp-container-core-group-is-layout-94d206d0 wp-block-group-is-layout-constrained\" id=\"about\" style=\"padding-top:143px;padding-bottom:144px\">\n<div class=\"wp-block-media-text has-media-on-the-right is-stacked-on-mobile is-vertically-aligned-center\"><div class=\"wp-block-media-text__content\">\n<div class=\"inherit-container-width wp-block-group is-layout-constrained wp-container-core-group-is-layout-47ce07ec wp-block-group-is-layout-constrained\" style=\"padding-right:80px\">\n<h2 class=\"wp-block-heading\" style=\"padding-right:40px\">Despre noi<\/h2>\n\n\n\n<p>ProAT este o asocia\u021bie dedicat\u0103 promov\u0103rii Analizei Tranzac\u021bionale. Respect\u0103m \u0219i promov\u0103m valorile \u0219i principiile din codul etic EATA: demnitate, reciprocitate, respect, empowerment, responsabilitate. Promov\u0103m de asemenea echitatea, nediscriminarea, autenticitatea, acceptarea \u0219i recunoa\u0219terea vulnerabilit\u0103\u021bilor cu COMPASIUNE.<br>Sus\u021binem procesul de cre\u0219tere \u0219i dezvoltare personal\u0103 \u0219i colectiv\u0103, a for\u021bei vitale (Physis) \u0219i dezvoltarea capacit\u0103\u021bii de auto-examinare a societ\u0103\u021bii, a profesiei \u0219i a propriei persoane.<\/p>\n<\/div>\n<\/div><figure class=\"wp-block-media-text__media\"><img loading=\"lazy\" decoding=\"async\" width=\"1024\" height=\"576\" src=\"https:\/\/proat.ro\/wp\/wp-content\/uploads\/2024\/11\/banner-1024x576.png\" alt=\"\" class=\"wp-image-55 size-full\" srcset=\"https:\/\/proat.ro\/wp\/wp-content\/uploads\/2024\/11\/banner-1024x576.png 1024w, https:\/\/proat.ro\/wp\/wp-content\/uploads\/2024\/11\/banner-300x169.png 300w, https:\/\/proat.ro\/wp\/wp-content\/uploads\/2024\/11\/banner-768x432.png 768w, https:\/\/proat.ro\/wp\/wp-content\/uploads\/2024\/11\/banner-1536x864.png 1536w, https:\/\/proat.ro\/wp\/wp-content\/uploads\/2024\/11\/banner-2048x1152.png 2048w\" sizes=\"auto, (max-width: 1024px) 100vw, 1024px\" \/><\/figure><\/div>\n<\/div>\n\n\n\n<div class=\"wp-block-group alignfull has-ast-global-color-4-background-color has-background is-layout-constrained wp-container-core-group-is-layout-6a2cfb7b wp-block-group-is-layout-constrained\" id=\"reviews\">\n<p class=\"has-text-align-center\" style=\"font-size:22px;line-height:1.6\"><strong>Analiza Tranzac\u021bional\u0103 ofer\u0103 un model de \u00een\u021belegere \u0219i analiz\u0103 a Personalit\u0103\u021bii, a comportamentului uman, a rela\u021biilor \u0219i a modului \u00een care &nbsp;se poate facilita schimbarea<\/strong><\/p>\n\n\n\n<p class=\"has-text-align-center\"><strong>Prin concepte ca \u201est<\/strong><strong>\u0103<\/strong><strong>rile Eului\u201d, \u201etranzac<\/strong><strong>\u021b<\/strong><strong>ii\u201d, \u201escenariu de via<\/strong><strong>\u021b\u0103\u201d<\/strong><strong>, \u201ejocuri psihologice\u201d, ofer\u0103 r<\/strong><strong>\u0103<\/strong><strong>spunsuri la \u00eentreb<\/strong><strong>\u0103<\/strong><strong>ri cum sunt:<\/strong><strong>&nbsp;<\/strong><\/p>\n\n\n\n<ul class=\"wp-block-list\">\n<li><strong>Cum s-a format personalitatea mea?&nbsp;<\/strong><\/li>\n\n\n\n<li><strong>Care sunt tiparele de comportament \u00een via<\/strong><strong>\u021b<\/strong><strong>\u0103, ce rela<\/strong><strong>\u021b<\/strong><strong>ii m<\/strong><strong>\u0103<\/strong><strong> limiteaz<\/strong><strong>\u0103<\/strong><strong> <\/strong><strong>\u0219<\/strong><strong>i cum pot s<\/strong><strong>\u0103<\/strong><strong> le dep<\/strong><strong>\u0103\u0219<\/strong><strong>esc?<\/strong><strong>&nbsp;<\/strong><\/li>\n\n\n\n<li><strong>Cum pot stabili interac\u021biuni pozitive \u0219i cum pot \u00eembun\u0103t\u0103\u021bi comunicarea?<\/strong><\/li>\n<\/ul>\n<\/div>\n\n\n\n<div class=\"wp-block-group alignfull is-layout-constrained wp-container-core-group-is-layout-3fee123f wp-block-group-is-layout-constrained\" id=\"whyus\" style=\"padding-top:144px;padding-bottom:144px\">\n<h2 class=\"wp-block-heading\">Despre Analiza Tranzac\u021bional\u0103<\/h2>\n\n\n\n<div class=\"wp-block-columns is-layout-flex wp-container-core-columns-is-layout-29aadeec wp-block-columns-is-layout-flex\" style=\"margin-top:60px\">\n<div class=\"wp-block-column is-layout-flow wp-container-core-column-is-layout-6b73ce23 wp-block-column-is-layout-flow\">\n<figure class=\"wp-block-image size-large\"><img decoding=\"async\" src=\"https:\/\/proat.ro\/wp\/wp-content\/themes\/astra\/inc\/assets\/images\/starter-content\/passionate.svg\" alt=\"\" class=\"wp-image-162\"\/><\/figure>\n\n\n\n<h3 class=\"wp-block-heading\" style=\"margin-top:16px\">Resurse de baz\u0103 <\/h3>\n\n\n\n<p><strong><a href=\"https:\/\/www.ericbernearchives.org\/\">Arhivele Eric Berne<\/a><\/strong> <\/p>\n\n\n\n<p><a href=\"https:\/\/www.tandfonline.com\"><strong>Jurnalul de Analiz\u0103 Tranzac\u021bional\u0103<\/strong> \u2013 TAJ<\/a> &nbsp; accesul se realizeaz\u0103 gratuit prin apartenen\u021ba la ITAA<\/p>\n\n\n\n<p><strong><a href=\"https:\/\/ijtarp.org\">International Journal of Research and Practice<\/a><\/strong> <\/p>\n<\/div>\n\n\n\n<div class=\"wp-block-column is-layout-flow wp-container-core-column-is-layout-6b73ce23 wp-block-column-is-layout-flow\">\n<figure class=\"wp-block-image size-large\"><img decoding=\"async\" src=\"https:\/\/proat.ro\/wp\/wp-content\/themes\/astra\/inc\/assets\/images\/starter-content\/professional.svg\" alt=\"\" class=\"wp-image-163\"\/><\/figure>\n\n\n\n<h3 class=\"wp-block-heading\" style=\"margin-top:16px\">Publica\u021bii \u00een limba rom\u00e2n\u0103<\/h3>\n\n\n\n<p>Berne, E., (2006), Ce spui dup\u0103 bun\u0103 ziua?, Editura Trei<\/p>\n\n\n\n<p>Berne, E., (2011), Analiza tranzac\u0163ional\u0103 \u00een psihoterapie, Editura Trei<\/p>\n\n\n\n<p>Harris, T., (2011), Eu sunt OK \u2013 Tu e\u0219ti OK, Editura Trei<\/p>\n\n\n\n<p>Berne, E., (2020), &nbsp;Jocurile noastre de toate zilele, Editura Trei<\/p>\n\n\n\n<p>Erskine, R., (2021). Dincolo de empatie, Editura Conexiuni Youareok <\/p>\n\n\n\n<p>Karpmann, S., B., (2023), Triunghiul dramatic. Noua Analiz\u0103 Tranzac\u021bional\u0103 a intimit\u0103\u021bii \u0219i fericirii, editura Trei <\/p>\n\n\n\n<p>Lister-Ford, C., (2010), Analiz\u0103 Tranzac\u021bional\u0103, Psihoterapie \u0219i Consiliere, Editura Herald<\/p>\n<\/div>\n\n\n\n<div class=\"wp-block-column is-layout-flow wp-container-core-column-is-layout-6b73ce23 wp-block-column-is-layout-flow\">\n<figure class=\"wp-block-image size-large\"><img decoding=\"async\" src=\"https:\/\/proat.ro\/wp\/wp-content\/themes\/astra\/inc\/assets\/images\/starter-content\/support.svg\" alt=\"\" class=\"wp-image-164\"\/><\/figure>\n\n\n\n<h3 class=\"wp-block-heading\" style=\"margin-top:16px\">Asocia\u021bii de AT<\/h3>\n\n\n\n<p><a href=\"https:\/\/arat.ro\/despre-arat\/\">Asocia\u021bia Rom\u00e2n\u0103 de Analiz\u0103 Tranzac\u021bional\u0103<\/a> <\/p>\n\n\n\n<p><a href=\"https:\/\/eatanews.org\/\">Asocia\u021bia European\u0103 de Analiz\u0103 Tranzac\u021bional\u0103 (EATA)<\/a>&nbsp;<\/p>\n\n\n\n<p><a href=\"https:\/\/itaaworld.org\/\">Asocia\u021bia Interna\u021bional\u0103 de Analiz\u0103 Tranzac\u021bional\u0103 (ITAA)<\/a>&nbsp;<\/p>\n\n\n\n<p><a href=\"https:\/\/www.relationalta.com\/\">Asocia\u021bia Interna\u021bional\u0103 de Analiz\u0103 Tranzac\u021bional\u0103 Rela\u021bional\u0103 (IARTA)<\/a><\/p>\n<\/div>\n<\/div>\n<\/div>\n\n\n\n<div class=\"wp-block-group alignfull has-background is-layout-constrained wp-container-core-group-is-layout-cfcca693 wp-block-group-is-layout-constrained\" id=\"contact\" style=\"background:linear-gradient(35deg,rgb(6,0,151) 0%,rgb(130,4,255) 64%,rgb(193,15,255) 98%);padding-top:104px;padding-bottom:104px\">\n<h5 class=\"wp-block-heading has-text-align-center has-text-color\" style=\"color:#ffffff\">email: proat.contact@gmail.com<\/h5>\n\n\n\n<div class=\"wp-block-buttons alignwide is-horizontal is-content-justification-center is-layout-flex wp-container-core-buttons-is-layout-bba8380a wp-block-buttons-is-layout-flex\" style=\"margin-top:50px\">\n<div class=\"wp-block-button\"><a class=\"wp-block-button__link wp-element-button\" href=\"https:\/\/www.facebook.com\/p\/Pro-AT-61559223677278\/\">Urm\u0103ri\u021bi-ne pe Facebook<\/a><\/div>\n<\/div>\n<\/div>\n","protected":false},"excerpt":{"rendered":"<p>Localizare Asocia\u021bia ProAT realizeaz\u0103 majoritatea activit\u0103\u021bilor \u00een Timi\u0219oara Cursuri Formare acreditat\u0103 \u00een Analiz\u0103 Tranzac\u021bional\u0103 Recunoa\u0219tere interna\u021bional\u0103 Activit\u0103\u021bi Promovarea Analizei Tranzac\u021bionale [&hellip;]<\/p>\n","protected":false},"author":1,"featured_media":0,"parent":0,"menu_order":0,"comment_status":"closed","ping_status":"closed","template":"","meta":{"site-sidebar-layout":"no-sidebar","site-content-layout":"plain-container","ast-site-content-layout":"","site-content-style":"default","site-sidebar-style":"default","ast-global-header-display":"","ast-banner-title-visibility":"","ast-main-header-display":"","ast-hfb-above-header-display":"","ast-hfb-below-header-display":"","ast-hfb-mobile-header-display":"","site-post-title":"disabled","ast-breadcrumbs-content":"","ast-featured-img":"","footer-sml-layout":"","theme-transparent-header-meta":"enabled","adv-header-id-meta":"","stick-header-meta":"","header-above-stick-meta":"","header-main-stick-meta":"","header-below-stick-meta":"","astra-migrate-meta-layouts":"default","ast-page-background-enabled":"default","ast-page-background-meta":{"desktop":{"background-color":"var(--ast-global-color-4)","background-image":"","background-repeat":"repeat","background-position":"center center","background-size":"auto","background-attachment":"scroll","background-type":"","background-media":"","overlay-type":"","overlay-color":"","overlay-opacity":"","overlay-gradient":""},"tablet":{"background-color":"","background-image":"","background-repeat":"repeat","background-position":"center center","background-size":"auto","background-attachment":"scroll","background-type":"","background-media":"","overlay-type":"","overlay-color":"","overlay-opacity":"","overlay-gradient":""},"mobile":{"background-color":"","background-image":"","background-repeat":"repeat","background-position":"center center","background-size":"auto","background-attachment":"scroll","background-type":"","background-media":"","overlay-type":"","overlay-color":"","overlay-opacity":"","overlay-gradient":""}},"ast-content-background-meta":{"desktop":{"background-color":"var(--ast-global-color-5)","background-image":"","background-repeat":"repeat","background-position":"center center","background-size":"auto","background-attachment":"scroll","background-type":"","background-media":"","overlay-type":"","overlay-color":"","overlay-opacity":"","overlay-gradient":""},"tablet":{"background-color":"var(--ast-global-color-5)","background-image":"","background-repeat":"repeat","background-position":"center center","background-size":"auto","background-attachment":"scroll","background-type":"","background-media":"","overlay-type":"","overlay-color":"","overlay-opacity":"","overlay-gradient":""},"mobile":{"background-color":"var(--ast-global-color-5)","background-image":"","background-repeat":"repeat","background-position":"center center","background-size":"auto","background-attachment":"scroll","background-type":"","background-media":"","overlay-type":"","overlay-color":"","overlay-opacity":"","overlay-gradient":""}},"footnotes":""},"class_list":["post-7","page","type-page","status-publish","hentry"],"_links":{"self":[{"href":"https:\/\/proat.ro\/wp\/index.php?rest_route=\/wp\/v2\/pages\/7","targetHints":{"allow":["GET"]}}],"collection":[{"href":"https:\/\/proat.ro\/wp\/index.php?rest_route=\/wp\/v2\/pages"}],"about":[{"href":"https:\/\/proat.ro\/wp\/index.php?rest_route=\/wp\/v2\/types\/page"}],"author":[{"embeddable":true,"href":"https:\/\/proat.ro\/wp\/index.php?rest_route=\/wp\/v2\/users\/1"}],"replies":[{"embeddable":true,"href":"https:\/\/proat.ro\/wp\/index.php?rest_route=%2Fwp%2Fv2%2Fcomments&post=7"}],"version-history":[{"count":31,"href":"https:\/\/proat.ro\/wp\/index.php?rest_route=\/wp\/v2\/pages\/7\/revisions"}],"predecessor-version":[{"id":92,"href":"https:\/\/proat.ro\/wp\/index.php?rest_route=\/wp\/v2\/pages\/7\/revisions\/92"}],"wp:attachment":[{"href":"https:\/\/proat.ro\/wp\/index.php?rest_route=%2Fwp%2Fv2%2Fmedia&parent=7"}],"curies":[{"name":"wp","href":"https:\/\/api.w.org\/{rel}","templated":true}]}}